{"id":6084,"date":"2018-10-19T07:32:33","date_gmt":"2018-10-19T07:32:33","guid":{"rendered":"https:\/\/www.waiblsprayers.com\/spruehgeraete\/atomizzatore-portato-per-motocarriole-cingolate\/"},"modified":"2022-02-10T09:42:04","modified_gmt":"2022-02-10T09:42:04","slug":"atomizzatore-portato-per-motocarriole-cingolate","status":"publish","type":"product","link":"https:\/\/www.waiblsprayers.com\/it\/spruehgeraete\/atomizzatore-portato-per-motocarriole-cingolate\/","title":{"rendered":"Atomizzatore portato per motocarriole cingolate"},"content":{"rendered":"[vc_row type=&#8221;in_container&#8221; full_screen_row_position=&#8221;middle&#8221; column_margin=&#8221;default&#8221; column_direction=&#8221;default&#8221; column_direction_tablet=&#8221;default&#8221; column_direction_phone=&#8221;default&#8221; scene_position=&#8221;center&#8221; text_color=&#8221;dark&#8221; text_align=&#8221;left&#8221; row_border_radius=&#8221;none&#8221; row_border_radius_applies=&#8221;bg&#8221; overflow=&#8221;visible&#8221; overlay_strength=&#8221;0.3&#8243; gradient_direction=&#8221;left_to_right&#8221; shape_divider_position=&#8221;bottom&#8221; bg_image_animation=&#8221;none&#8221;][vc_column column_padding=&#8221;padding-3-percent&#8221; column_padding_tablet=&#8221;inherit&#8221; column_padding_phone=&#8221;inherit&#8221; column_padding_position=&#8221;all&#8221; column_element_spacing=&#8221;default&#8221; background_color_opacity=&#8221;1&#8243; background_hover_color_opacity=&#8221;1&#8243; column_shadow=&#8221;none&#8221; column_border_radius=&#8221;none&#8221; column_link_target=&#8221;_self&#8221; column_position=&#8221;default&#8221; gradient_direction=&#8221;left_to_right&#8221; overlay_strength=&#8221;0.3&#8243; width=&#8221;1\/2&#8243; tablet_width_inherit=&#8221;default&#8221; tablet_text_alignment=&#8221;default&#8221; phone_text_alignment=&#8221;default&#8221; animation_type=&#8221;default&#8221; bg_image_animation=&#8221;none&#8221; border_type=&#8221;simple&#8221; column_border_width=&#8221;none&#8221; column_border_style=&#8221;solid&#8221;][vc_column_text]<strong>Descrizione:<\/strong><\/p>\n<ul>\n<li>Portata d\u2019aria 20.000 mc\/ora<\/li>\n<li>Cisterna in vetroresina da 130 l<\/li>\n<li>Getti in ottone con valvola antigoccia a membrana<\/li>\n<li>I getti sono regolabili sulle aste portagetti<\/li>\n<li>Motore a benzina BRIGGS &amp; STRATTON 16 CV<\/li>\n<li>Moltiplicatore con una velocit\u00e0 pi\u00f9 folle<\/li>\n<li>Giunto automatico centrifugo<\/li>\n<li>Pompe a membrana AR 503 (55 l)<\/li>\n<li>Agitatore idraulico<\/li>\n<li>Filtro di aspirazione<\/li>\n<li>Filtro in linea con retrolavaggio<\/li>\n<li>Filtro immissione<\/li>\n<li>Attacco per tubo alta pressione<\/li>\n<li>Centralina di comando con valvola di pressione<\/li>\n<\/ul>\n[\/vc_column_text][\/vc_column][vc_column column_padding=&#8221;padding-3-percent&#8221; column_padding_tablet=&#8221;inherit&#8221; column_padding_phone=&#8221;inherit&#8221; column_padding_position=&#8221;all&#8221; column_element_spacing=&#8221;default&#8221; background_color_opacity=&#8221;1&#8243; background_hover_color_opacity=&#8221;1&#8243; column_shadow=&#8221;none&#8221; column_border_radius=&#8221;none&#8221; column_link_target=&#8221;_self&#8221; column_position=&#8221;default&#8221; gradient_direction=&#8221;left_to_right&#8221; overlay_strength=&#8221;0.3&#8243; width=&#8221;1\/2&#8243; tablet_width_inherit=&#8221;default&#8221; tablet_text_alignment=&#8221;default&#8221; phone_text_alignment=&#8221;default&#8221; animation_type=&#8221;default&#8221; bg_image_animation=&#8221;none&#8221; border_type=&#8221;simple&#8221; column_border_width=&#8221;none&#8221; column_border_style=&#8221;solid&#8221;][vc_column_text]<strong>Sistemi di irrorazione:<\/strong><\/p>\n<ul>\n<li>Arco portagetti per pergola<\/li>\n<li><strong>VARIO<\/strong><strong>-SPRAY<\/strong> aste portagetti orientabili a mano per pergola e filari<\/li>\n<li>Torretta in acciaio INOX sistema WAIBL tipo Q\/ST con alette regolabili per filari<\/li>\n<li>Torretta bassa in acciaio INOX sistema WAIBL tipo Q\/R con alette regolabili per pergola<\/li>\n<\/ul>\n<p>&nbsp;<\/p>\n<p><strong>Accessori a richiesta:<\/strong><\/p>\n<ul>\n<li>Diffusore orientabile per pendio<\/li>\n<li>Chiusura getti supplementari<\/li>\n<\/ul>\n[\/vc_column_text][\/vc_column][\/vc_row]\n","protected":false},"excerpt":{"rendered":"<h4>Atomizzatore portato 130 l<\/h4>\n<p>La necessit\u00e0 da parte degli agricoltori di poter lavorare i propri vigneti anche in posizioni particolarmente impervie, \u00e8 per noi, gi\u00e0 da alcuni anni, motivo di impegno per la realizzazione di atomizzatori per piccole motocarriole cingolate.<\/p>\n","protected":false},"featured_media":6064,"comment_status":"closed","ping_status":"closed","template":"","meta":[],"product_brand":[],"product_cat":[57],"product_tag":[],"class_list":{"0":"post-6084","1":"product","2":"type-product","3":"status-publish","4":"has-post-thumbnail","6":"product_cat-atomizzatori-per-la-viticoltura","8":"first","9":"instock","10":"shipping-taxable","11":"product-type-simple"},"_links":{"self":[{"href":"https:\/\/www.waiblsprayers.com\/it\/wp-json\/wp\/v2\/product\/6084","targetHints":{"allow":["GET"]}}],"collection":[{"href":"https:\/\/www.waiblsprayers.com\/it\/wp-json\/wp\/v2\/product"}],"about":[{"href":"https:\/\/www.waiblsprayers.com\/it\/wp-json\/wp\/v2\/types\/product"}],"replies":[{"embeddable":true,"href":"https:\/\/www.waiblsprayers.com\/it\/wp-json\/wp\/v2\/comments?post=6084"}],"wp:featuredmedia":[{"embeddable":true,"href":"https:\/\/www.waiblsprayers.com\/it\/wp-json\/wp\/v2\/media\/6064"}],"wp:attachment":[{"href":"https:\/\/www.waiblsprayers.com\/it\/wp-json\/wp\/v2\/media?parent=6084"}],"wp:term":[{"taxonomy":"product_brand","embeddable":true,"href":"https:\/\/www.waiblsprayers.com\/it\/wp-json\/wp\/v2\/product_brand?post=6084"},{"taxonomy":"product_cat","embeddable":true,"href":"https:\/\/www.waiblsprayers.com\/it\/wp-json\/wp\/v2\/product_cat?post=6084"},{"taxonomy":"product_tag","embeddable":true,"href":"https:\/\/www.waiblsprayers.com\/it\/wp-json\/wp\/v2\/product_tag?post=6084"}],"curies":[{"name":"wp","href":"https:\/\/api.w.org\/{rel}","templated":true}]}}